{"id":1989,"date":"2023-07-21T07:45:08","date_gmt":"2023-07-21T07:45:08","guid":{"rendered":"http:\/\/www.vekery.fi\/?page_id=1989"},"modified":"2026-04-27T14:24:02","modified_gmt":"2026-04-27T12:24:02","slug":"hairintalomake","status":"publish","type":"page","link":"https:\/\/www.vekery.fi\/?page_id=1989","title":{"rendered":"H\u00e4irint\u00e4lomake"},"content":{"rendered":"\t\t<div data-elementor-type=\"wp-page\" data-elementor-id=\"1989\" class=\"elementor elementor-1989\">\n\t\t\t\t\t\t<section class=\"elementor-section elementor-top-section elementor-element elementor-element-8mx6ba6 elementor-section-boxed elementor-section-height-default elementor-section-height-default\" data-id=\"8mx6ba6\" data-element_type=\"section\" data-e-type=\"section\" data-settings=\"{&quot;background_background&quot;:&quot;classic&quot;}\">\n\t\t\t\t\t\t<div class=\"elementor-container elementor-column-gap-default\">\n\t\t\t\t\t<div class=\"elementor-column elementor-col-100 elementor-top-column elementor-element elementor-element-b3a35f8\" data-id=\"b3a35f8\" data-element_type=\"column\" data-e-type=\"column\">\n\t\t\t<div class=\"elementor-widget-wrap elementor-element-populated\">\n\t\t\t\t\t\t<div class=\"elementor-element elementor-element-32eb271 elementor-widget elementor-widget-heading\" data-id=\"32eb271\" data-element_type=\"widget\" data-e-type=\"widget\" data-widget_type=\"heading.default\">\n\t\t\t\t<div class=\"elementor-widget-container\">\n\t\t\t\t\t<h1 class=\"elementor-heading-title elementor-size-default\">H\u00e4irint\u00e4lomake<\/h1>\t\t\t\t<\/div>\n\t\t\t\t<\/div>\n\t\t\t\t\t<\/div>\n\t\t<\/div>\n\t\t\t\t\t<\/div>\n\t\t<\/section>\n\t\t\t\t<section class=\"elementor-section elementor-top-section elementor-element elementor-element-dfj1no6 elementor-section-boxed elementor-section-height-default elementor-section-height-default\" data-id=\"dfj1no6\" data-element_type=\"section\" data-e-type=\"section\">\n\t\t\t\t\t\t<div class=\"elementor-container elementor-column-gap-wide\">\n\t\t\t\t\t<div class=\"elementor-column elementor-col-100 elementor-top-column elementor-element elementor-element-bc42c60\" data-id=\"bc42c60\" data-element_type=\"column\" data-e-type=\"column\">\n\t\t\t<div class=\"elementor-widget-wrap elementor-element-populated\">\n\t\t\t\t\t\t<div class=\"elementor-element elementor-element-76cc3e9 elementor-align-center elementor-widget elementor-widget-button\" data-id=\"76cc3e9\" data-element_type=\"widget\" data-e-type=\"widget\" data-widget_type=\"button.default\">\n\t\t\t\t<div class=\"elementor-widget-container\">\n\t\t\t\t\t\t\t\t\t<div class=\"elementor-button-wrapper\">\n\t\t\t\t\t<a class=\"elementor-button elementor-button-link elementor-size-xl\" href=\"https:\/\/docs.google.com\/forms\/d\/e\/1FAIpQLScPcQJ3d7nh0M_mp-yQRlbuGx50NG7kNDJo3vDHEnhGP5bXZA\/viewform\">\n\t\t\t\t\t\t<span class=\"elementor-button-content-wrapper\">\n\t\t\t\t\t\t\t\t\t<span class=\"elementor-button-text\">H\u00e4irint\u00e4lomake 2026<\/span>\n\t\t\t\t\t<\/span>\n\t\t\t\t\t<\/a>\n\t\t\t\t<\/div>\n\t\t\t\t\t\t\t\t<\/div>\n\t\t\t\t<\/div>\n\t\t\t\t<div class=\"elementor-element elementor-element-291c423 elementor-widget elementor-widget-spacer\" data-id=\"291c423\" data-element_type=\"widget\" data-e-type=\"widget\" data-widget_type=\"spacer.default\">\n\t\t\t\t<div class=\"elementor-widget-container\">\n\t\t\t\t\t\t\t<div class=\"elementor-spacer\">\n\t\t\t<div class=\"elementor-spacer-inner\"><\/div>\n\t\t<\/div>\n\t\t\t\t\t\t<\/div>\n\t\t\t\t<\/div>\n\t\t\t\t<div class=\"elementor-element elementor-element-9174eae elementor-widget elementor-widget-text-editor\" data-id=\"9174eae\" data-element_type=\"widget\" data-e-type=\"widget\" data-widget_type=\"text-editor.default\">\n\t\t\t\t<div class=\"elementor-widget-container\">\n\t\t\t\t\t\t\t\t\t<div style=\"letter-spacing: normal; caret-color: #202124; color: #202124; font-family: Roboto, Arial, sans-serif; font-size: 14.666667px;\">Veken tapahtumissa ovat k\u00e4yt\u00f6ss\u00e4 turvallisemman tilan periaatteet. <span style=\"font-size: 14.666667px; font-style: inherit;\">Mik\u00e4li kohtaat tai koet h\u00e4irint\u00e4\u00e4 Veken tapahtumissa, t\u00e4yt\u00e4th\u00e4n yll\u00e4olevan lomakkeen.<\/span><\/div>\n<div style=\"letter-spacing: normal; caret-color: #202124; color: #202124; font-family: Roboto, Arial, sans-serif; font-size: 14.666667px;\">&nbsp;<\/div>\n<div style=\"letter-spacing: normal; caret-color: #202124; color: #202124; font-family: Roboto, Arial, sans-serif; font-size: 14.666667px;\">Veken tapahtumissa on nollatoleranssi ep\u00e4asialliselle k\u00e4yt\u00f6kselle, h\u00e4irinn\u00e4lle, kiusaamiselle tai ep\u00e4tasa-arvoiselle kohtelulle&nbsp;etnisen tai kansallisen alkuper\u00e4n, kansalaisuuden, sukupuolen, kielen, uskonnon, vakaumuksen, mielipiteiden, terveydentilan, seksuaalisen suuntautumisen tai muun ominaisuuden johdosta.<\/div>\n<div style=\"letter-spacing: normal; caret-color: #202124; color: #202124; font-family: Roboto, Arial, sans-serif; font-size: 14.666667px;\">&nbsp;<\/div>\n<div style=\"letter-spacing: normal; caret-color: #202124; color: #202124; font-family: Roboto, Arial, sans-serif; font-size: 14.666667px;\"><b>H\u00e4irint\u00e4yhdyshenkil\u00f6n yhteystiedot:<br><\/b><div style=\"white-space: pre-wrap; caret-color: rgb(31, 31, 31); color: rgb(31, 31, 31); font-size: 14.666667px;\">H\u00e4irint\u00e4yhdyshenkil\u00f6:<\/div><div style=\"white-space: pre-wrap; caret-color: rgb(31, 31, 31); color: rgb(31, 31, 31); font-size: 14.666667px;\">Iiris Repponen&nbsp;<\/div><div style=\"white-space: pre-wrap; caret-color: rgb(31, 31, 31); color: rgb(31, 31, 31); font-size: 14.666667px;\">Telegram: @iirisrepponen<\/div><div style=\"white-space: pre-wrap; caret-color: rgb(31, 31, 31); color: rgb(31, 31, 31); font-size: 14.666667px;\">S\u00e4hk\u00f6posti:&nbsp;<a href=\"mailto:iiris.repponen@helsinki.fi\" style=\"text-decoration: underline;\">iiris.repponen@helsinki.fi<\/a><\/div><\/div><div style=\"letter-spacing: normal; caret-color: #202124; color: #202124; font-family: Roboto, Arial, sans-serif; font-size: 14.666667px;\"><p><br><\/p>\n<p><\/p>\n<\/div>\n<div style=\"letter-spacing: normal; caret-color: #202124; color: #202124; font-family: Roboto, Arial, sans-serif; font-size: 14.666667px;\"><span style=\"font-size: 14.666667px;\">Halutessasi olet tervetullut ottamaan yhteytt\u00e4 my\u00f6s HYY:n koulutettuihin h\u00e4irint\u00e4yhdyshenkil\u00f6ihin.&nbsp;<\/span><\/div>\n<div style=\"letter-spacing: normal; caret-color: #202124; color: #202124; font-family: Roboto, Arial, sans-serif; font-size: 14.666667px;\"><span style=\"font-size: 14.666667px;\">My\u00f6s he ovat tukenasi:<\/span><br style=\"font-size: 14.666667px;\"><a style=\"color: #1155cc; transition-delay: 0s; font-size: 14.666667px;\" href=\"https:\/\/hyy.fi\/fi\/opiskelijalle\/h%C3%A4irint%C3%A4yhdyshenkil%C3%B6t\">https:\/\/hyy.fi\/fi\/opiskelijalle\/h\u00e4irint\u00e4yhdyshenkil\u00f6t<\/a> tai <a style=\"color: #1155cc; transition-delay: 0s; font-size: 14.666667px;\" href=\"mailto:hairintayhdyshenkilo@hyy.fi\">hairintayhdyshenkilo@hyy.fi<\/a><\/div>\t\t\t\t\t\t\t\t<\/div>\n\t\t\t\t<\/div>\n\t\t\t\t\t<\/div>\n\t\t<\/div>\n\t\t\t\t\t<\/div>\n\t\t<\/section>\n\t\t\t\t<\/div>\n\t\t","protected":false},"excerpt":{"rendered":"<p>H\u00e4irint\u00e4lomake H\u00e4irint\u00e4lomake 2026 Veken tapahtumissa ovat k\u00e4yt\u00f6ss\u00e4 turvallisemman tilan periaatteet. Mik\u00e4li kohtaat tai koet h\u00e4irint\u00e4\u00e4 Veken tapahtumissa, t\u00e4yt\u00e4th\u00e4n yll\u00e4olevan lomakkeen. &nbsp; Veken tapahtumissa on nollatoleranssi ep\u00e4asialliselle k\u00e4yt\u00f6kselle, h\u00e4irinn\u00e4lle, kiusaamiselle tai ep\u00e4tasa-arvoiselle kohtelulle&nbsp;etnisen tai kansallisen alkuper\u00e4n, kansalaisuuden, sukupuolen, kielen, uskonnon, vakaumuksen, mielipiteiden, terveydentilan, seksuaalisen suuntautumisen tai muun ominaisuuden johdosta. &nbsp; H\u00e4irint\u00e4yhdyshenkil\u00f6n yhteystiedot:H\u00e4irint\u00e4yhdyshenkil\u00f6:Iiris Repponen&nbsp;Telegram: @iirisrepponenS\u00e4hk\u00f6posti:&nbsp;iiris.repponen@helsinki.fi Halutessasi olet [&hellip;]<\/p>\n","protected":false},"author":1,"featured_media":0,"parent":0,"menu_order":0,"comment_status":"closed","ping_status":"closed","template":"","meta":{"site-sidebar-layout":"no-sidebar","site-content-layout":"page-builder","ast-site-content-layout":"full-width-container","site-content-style":"unboxed","site-sidebar-style":"unboxed","ast-global-header-display":"","ast-banner-title-visibility":"","ast-main-header-display":"","ast-hfb-above-header-display":"","ast-hfb-below-header-display":"","ast-hfb-mobile-header-display":"","site-post-title":"disabled","ast-breadcrumbs-content":"","ast-featured-img":"disabled","footer-sml-layout":"","ast-disable-related-posts":"","theme-transparent-header-meta":"","adv-header-id-meta":"","stick-header-meta":"","header-above-stick-meta":"","header-main-stick-meta":"","header-below-stick-meta":"","astra-migrate-meta-layouts":"set","ast-page-background-enabled":"default","ast-page-background-meta":{"desktop":{"background-color":"var(--ast-global-color-4)","background-image":"","background-repeat":"repeat","background-position":"center center","background-size":"auto","background-attachment":"scroll","background-type":"","background-media":"","overlay-type":"","overlay-color":"","overlay-opacity":"","overlay-gradient":""},"tablet":{"background-color":"","background-image":"","background-repeat":"repeat","background-position":"center center","background-size":"auto","background-attachment":"scroll","background-type":"","background-media":"","overlay-type":"","overlay-color":"","overlay-opacity":"","overlay-gradient":""},"mobile":{"background-color":"","background-image":"","background-repeat":"repeat","background-position":"center center","background-size":"auto","background-attachment":"scroll","background-type":"","background-media":"","overlay-type":"","overlay-color":"","overlay-opacity":"","overlay-gradient":""}},"ast-content-background-meta":{"desktop":{"background-color":"var(--ast-global-color-5)","background-image":"","background-repeat":"repeat","background-position":"center center","background-size":"auto","background-attachment":"scroll","background-type":"","background-media":"","overlay-type":"","overlay-color":"","overlay-opacity":"","overlay-gradient":""},"tablet":{"background-color":"var(--ast-global-color-5)","background-image":"","background-repeat":"repeat","background-position":"center center","background-size":"auto","background-attachment":"scroll","background-type":"","background-media":"","overlay-type":"","overlay-color":"","overlay-opacity":"","overlay-gradient":""},"mobile":{"background-color":"var(--ast-global-color-5)","background-image":"","background-repeat":"repeat","background-position":"center center","background-size":"auto","background-attachment":"scroll","background-type":"","background-media":"","overlay-type":"","overlay-color":"","overlay-opacity":"","overlay-gradient":""}},"footnotes":""},"class_list":["post-1989","page","type-page","status-publish","hentry"],"_links":{"self":[{"href":"https:\/\/www.vekery.fi\/index.php?rest_route=\/wp\/v2\/pages\/1989","targetHints":{"allow":["GET"]}}],"collection":[{"href":"https:\/\/www.vekery.fi\/index.php?rest_route=\/wp\/v2\/pages"}],"about":[{"href":"https:\/\/www.vekery.fi\/index.php?rest_route=\/wp\/v2\/types\/page"}],"author":[{"embeddable":true,"href":"https:\/\/www.vekery.fi\/index.php?rest_route=\/wp\/v2\/users\/1"}],"replies":[{"embeddable":true,"href":"https:\/\/www.vekery.fi\/index.php?rest_route=%2Fwp%2Fv2%2Fcomments&post=1989"}],"version-history":[{"count":36,"href":"https:\/\/www.vekery.fi\/index.php?rest_route=\/wp\/v2\/pages\/1989\/revisions"}],"predecessor-version":[{"id":2419,"href":"https:\/\/www.vekery.fi\/index.php?rest_route=\/wp\/v2\/pages\/1989\/revisions\/2419"}],"wp:attachment":[{"href":"https:\/\/www.vekery.fi\/index.php?rest_route=%2Fwp%2Fv2%2Fmedia&parent=1989"}],"curies":[{"name":"wp","href":"https:\/\/api.w.org\/{rel}","templated":true}]}}