{"id":1972,"date":"2023-07-21T07:24:10","date_gmt":"2023-07-21T07:24:10","guid":{"rendered":"http:\/\/www.vekery.fi\/?page_id=1972"},"modified":"2025-10-27T17:35:02","modified_gmt":"2025-10-27T15:35:02","slug":"turvallisemman-tilan-periaatteet","status":"publish","type":"page","link":"https:\/\/www.vekery.fi\/?page_id=1972","title":{"rendered":"Turvallisemman tilan periaatteet"},"content":{"rendered":"\t\t<div data-elementor-type=\"wp-page\" data-elementor-id=\"1972\" class=\"elementor elementor-1972\">\n\t\t\t\t\t\t<section class=\"elementor-section elementor-top-section elementor-element elementor-element-38hpbmz elementor-section-boxed elementor-section-height-default elementor-section-height-default\" data-id=\"38hpbmz\" data-element_type=\"section\" data-e-type=\"section\" data-settings=\"{&quot;background_background&quot;:&quot;classic&quot;}\">\n\t\t\t\t\t\t<div class=\"elementor-container elementor-column-gap-default\">\n\t\t\t\t\t<div class=\"elementor-column elementor-col-100 elementor-top-column elementor-element elementor-element-b3a35f8\" data-id=\"b3a35f8\" data-element_type=\"column\" data-e-type=\"column\">\n\t\t\t<div class=\"elementor-widget-wrap elementor-element-populated\">\n\t\t\t\t\t\t<div class=\"elementor-element elementor-element-32eb271 elementor-widget elementor-widget-heading\" data-id=\"32eb271\" data-element_type=\"widget\" data-e-type=\"widget\" data-widget_type=\"heading.default\">\n\t\t\t\t<div class=\"elementor-widget-container\">\n\t\t\t\t\t<h1 class=\"elementor-heading-title elementor-size-default\">Turvallisemman tilan periaatteet<\/h1>\t\t\t\t<\/div>\n\t\t\t\t<\/div>\n\t\t\t\t\t<\/div>\n\t\t<\/div>\n\t\t\t\t\t<\/div>\n\t\t<\/section>\n\t\t\t\t<section class=\"elementor-section elementor-top-section elementor-element elementor-element-y7s1g6z elementor-section-boxed elementor-section-height-default elementor-section-height-default\" data-id=\"y7s1g6z\" data-element_type=\"section\" data-e-type=\"section\">\n\t\t\t\t\t\t<div class=\"elementor-container elementor-column-gap-wide\">\n\t\t\t\t\t<div class=\"elementor-column elementor-col-100 elementor-top-column elementor-element elementor-element-bc42c60\" data-id=\"bc42c60\" data-element_type=\"column\" data-e-type=\"column\">\n\t\t\t<div class=\"elementor-widget-wrap elementor-element-populated\">\n\t\t\t\t\t\t<div class=\"elementor-element elementor-element-89be7cf elementor-widget-mobile__width-initial elementor-widget elementor-widget-text-editor\" data-id=\"89be7cf\" data-element_type=\"widget\" data-e-type=\"widget\" data-widget_type=\"text-editor.default\">\n\t\t\t\t<div class=\"elementor-widget-container\">\n\t\t\t\t\t\t\t\t\t<p style=\"font-weight: 400;\">VEKE ry:n toiminnan tarkoituksena on edist\u00e4\u00e4 opiskelijoidemme hyvinvointia ja yhteis\u00f6llisyytt\u00e4 sek\u00e4 luoda yhteis\u00f6st\u00e4mme sellainen, jossa jokaisella on hyv\u00e4 ja turvallinen olla omana itsen\u00e4\u00e4n.<\/p>\n<p style=\"font-weight: 400;\"><br><\/p>\n<p style=\"font-weight: 400;\">VEKE ry:n tapahtumissa noudatetaan maatalous-mets\u00e4tieteellisen tiedekunnan kattoainej\u00e4rjest\u00f6n MMYL ry:n turvallisemman tilan periaatteita. Periaatteet on muodostettu HYY:n turvallisemman tilan periaatteiden pohjalta. Osallistumalla VEKE:n toimintaan sitoudut noudattamaan n\u00e4it\u00e4 periaatteita.<\/p><p style=\"font-weight: 400;\"><br><\/p>\n<p style=\"font-weight: 400;\">Mik\u00e4 on turvallinen tila?<\/p>\n<p style=\"font-weight: 400;\">Turvallisessa tilassa kaikilla on oikeus ilmaista itse\u00e4\u00e4n vapaasti ilman pilkkaa, syrjint\u00e4\u00e4 tai h\u00e4irint\u00e4\u00e4. Mit\u00e4\u00e4n tilaa ei voi taata t\u00e4ysin turvalliseksi, mutta turvallisemman tilan periaatteilla voidaan asettaa yhteiset s\u00e4\u00e4nn\u00f6t sille, mink\u00e4lainen k\u00e4yt\u00f6s on hyv\u00e4ksytt\u00e4v\u00e4\u00e4. Periaatteilla pyrit\u00e4\u00e4n maksimoimaan kaikkien osallistujien turvallisuus ja viihtyvyys tilaisuuksissa.<\/p><p style=\"font-weight: 400;\"><br><\/p>\n<p><b>Ole reilu<\/b><\/p>\n<p style=\"font-weight: 400;\">Ole avoin ja yst\u00e4v\u00e4llinen kaikille. \u00c4l\u00e4 j\u00e4t\u00e4 ulkopuolelle, vaan kutsu toiset mukaan keskusteluun ja aktiviteetteihin. Kuuntele toisia keskeytt\u00e4m\u00e4tt\u00e4 ja k\u00e4yt\u00e4 kaikille ymm\u00e4rrett\u00e4v\u00e4\u00e4 kielt\u00e4.<\/p><p style=\"font-weight: 400;\"><br><\/p>\n<p><b>Kunnioita<\/b><\/p>\n<p style=\"font-weight: 400;\">Tee tilasta turvallisempi kunnioittamalla toisten tilaa, mielipiteit\u00e4, identiteetti\u00e4, kokemuksia, koskemattomuutta ja rajoja. \u00c4l\u00e4 kosketa luvatta, h\u00e4iritse tai v\u00e4h\u00e4ttele.<\/p><p style=\"font-weight: 400;\"><br><\/p>\n<p><b>\u00c4l\u00e4 oleta<\/b><\/p>\n<p style=\"font-weight: 400;\">\u00c4l\u00e4 tee ihmisist\u00e4 oletuksia. Pyri tunnistamaan ennakkoluulosi ja ota huomioon ihmisten moninaisuus. Kaikilla ihmisill\u00e4 on itsem\u00e4\u00e4r\u00e4\u00e4misoikeus, jota tulee kunnioittaa. Kunnioita siis toisten identiteetti\u00e4, ole avoin, \u00e4l\u00e4k\u00e4 pakota toisia m\u00e4\u00e4rittelem\u00e4\u00e4n itse\u00e4\u00e4n.<\/p><p style=\"font-weight: 400;\"><br><\/p>\n<p><b>Puutu<\/b><\/p>\n<p style=\"font-weight: 400;\">Puutu s\u00e4\u00e4nt\u00f6jen ja periaatteiden vastaiseen k\u00e4yt\u00f6kseen sellaista huomatessasi. Ota yhteytt\u00e4 h\u00e4irint\u00e4yhdyshenkil\u00f6\u00f6n tai tilaisuuden j\u00e4rjest\u00e4j\u00e4\u00e4n. Jos itse loukkaat toista tai rikot turvallisemman tilan periaatteita, pyyd\u00e4 anteeksi ja pyri sopimaan asia mahdollisuuksien mukaan. \u00c4l\u00e4 ep\u00e4r\u00f6i pyyt\u00e4\u00e4 apua.<\/p>\n<p style=\"font-weight: 400;\"><br><\/p>\n<p>VEKE ry ei hyv\u00e4ksy mink\u00e4\u00e4nlaista syrjinta\u0308\u00e4, rasismia, kiusaamista, ha\u0308irinta\u0308\u00e4 tai muuta ep\u00e4asiallista tai toisia loukkaavaa k\u00e4yt\u00f6st\u00e4.<\/p>\n<p><br><\/p>\n<p>VEKE ry:n yhdenvertaisuusvastaava valitaan vuosittain vaalikokouksessa. Lis\u00e4ksi VEKE ry:n tapahtumissa on paikalla v\u00e4hint\u00e4\u00e4n yksi&nbsp;<span style=\"font-size: 14.592001px; font-style: inherit; font-weight: inherit;\">h\u00e4irint\u00e4yhdyshenkil\u00f6, jonka tiedot l\u00f6ytyv\u00e4t tapahtuman tiedoista.<\/span><\/p>\n<p><span style=\"font-size: 14.592001px; font-style: inherit; font-weight: inherit;\"><br><\/span><\/p>\n<p>L\u00f6yd\u00e4t VEKE:n h\u00e4irint\u00e4lomakkeen nettisivuiltamme omalta sivultaan!<\/p>\t\t\t\t\t\t\t\t<\/div>\n\t\t\t\t<\/div>\n\t\t\t\t\t<\/div>\n\t\t<\/div>\n\t\t\t\t\t<\/div>\n\t\t<\/section>\n\t\t\t\t<\/div>\n\t\t","protected":false},"excerpt":{"rendered":"<p>Turvallisemman tilan periaatteet VEKE ry:n toiminnan tarkoituksena on edist\u00e4\u00e4 opiskelijoidemme hyvinvointia ja yhteis\u00f6llisyytt\u00e4 sek\u00e4 luoda yhteis\u00f6st\u00e4mme sellainen, jossa jokaisella on hyv\u00e4 ja turvallinen olla omana itsen\u00e4\u00e4n. VEKE ry:n tapahtumissa noudatetaan maatalous-mets\u00e4tieteellisen tiedekunnan kattoainej\u00e4rjest\u00f6n MMYL ry:n turvallisemman tilan periaatteita. Periaatteet on muodostettu HYY:n turvallisemman tilan periaatteiden pohjalta. Osallistumalla VEKE:n toimintaan sitoudut noudattamaan n\u00e4it\u00e4 periaatteita. Mik\u00e4 on [&hellip;]<\/p>\n","protected":false},"author":1,"featured_media":0,"parent":0,"menu_order":0,"comment_status":"closed","ping_status":"closed","template":"","meta":{"site-sidebar-layout":"no-sidebar","site-content-layout":"page-builder","ast-site-content-layout":"default","site-content-style":"default","site-sidebar-style":"default","ast-global-header-display":"","ast-banner-title-visibility":"","ast-main-header-display":"","ast-hfb-above-header-display":"","ast-hfb-below-header-display":"","ast-hfb-mobile-header-display":"","site-post-title":"disabled","ast-breadcrumbs-content":"","ast-featured-img":"disabled","footer-sml-layout":"","ast-disable-related-posts":"","theme-transparent-header-meta":"","adv-header-id-meta":"","stick-header-meta":"","header-above-stick-meta":"","header-main-stick-meta":"","header-below-stick-meta":"","astra-migrate-meta-layouts":"default","ast-page-background-enabled":"default","ast-page-background-meta":{"desktop":{"background-color":"var(--ast-global-color-4)","background-image":"","background-repeat":"repeat","background-position":"center center","background-size":"auto","background-attachment":"scroll","background-type":"","background-media":"","overlay-type":"","overlay-color":"","overlay-opacity":"","overlay-gradient":""},"tablet":{"background-color":"","background-image":"","background-repeat":"repeat","background-position":"center center","background-size":"auto","background-attachment":"scroll","background-type":"","background-media":"","overlay-type":"","overlay-color":"","overlay-opacity":"","overlay-gradient":""},"mobile":{"background-color":"","background-image":"","background-repeat":"repeat","background-position":"center center","background-size":"auto","background-attachment":"scroll","background-type":"","background-media":"","overlay-type":"","overlay-color":"","overlay-opacity":"","overlay-gradient":""}},"ast-content-background-meta":{"desktop":{"background-color":"var(--ast-global-color-5)","background-image":"","background-repeat":"repeat","background-position":"center center","background-size":"auto","background-attachment":"scroll","background-type":"","background-media":"","overlay-type":"","overlay-color":"","overlay-opacity":"","overlay-gradient":""},"tablet":{"background-color":"var(--ast-global-color-5)","background-image":"","background-repeat":"repeat","background-position":"center center","background-size":"auto","background-attachment":"scroll","background-type":"","background-media":"","overlay-type":"","overlay-color":"","overlay-opacity":"","overlay-gradient":""},"mobile":{"background-color":"var(--ast-global-color-5)","background-image":"","background-repeat":"repeat","background-position":"center center","background-size":"auto","background-attachment":"scroll","background-type":"","background-media":"","overlay-type":"","overlay-color":"","overlay-opacity":"","overlay-gradient":""}},"footnotes":""},"class_list":["post-1972","page","type-page","status-publish","hentry"],"_links":{"self":[{"href":"https:\/\/www.vekery.fi\/index.php?rest_route=\/wp\/v2\/pages\/1972","targetHints":{"allow":["GET"]}}],"collection":[{"href":"https:\/\/www.vekery.fi\/index.php?rest_route=\/wp\/v2\/pages"}],"about":[{"href":"https:\/\/www.vekery.fi\/index.php?rest_route=\/wp\/v2\/types\/page"}],"author":[{"embeddable":true,"href":"https:\/\/www.vekery.fi\/index.php?rest_route=\/wp\/v2\/users\/1"}],"replies":[{"embeddable":true,"href":"https:\/\/www.vekery.fi\/index.php?rest_route=%2Fwp%2Fv2%2Fcomments&post=1972"}],"version-history":[{"count":32,"href":"https:\/\/www.vekery.fi\/index.php?rest_route=\/wp\/v2\/pages\/1972\/revisions"}],"predecessor-version":[{"id":2365,"href":"https:\/\/www.vekery.fi\/index.php?rest_route=\/wp\/v2\/pages\/1972\/revisions\/2365"}],"wp:attachment":[{"href":"https:\/\/www.vekery.fi\/index.php?rest_route=%2Fwp%2Fv2%2Fmedia&parent=1972"}],"curies":[{"name":"wp","href":"https:\/\/api.w.org\/{rel}","templated":true}]}}