{"id":1954,"date":"2023-07-21T06:20:47","date_gmt":"2023-07-21T06:20:47","guid":{"rendered":"http:\/\/www.vekery.fi\/?page_id=1954"},"modified":"2026-01-21T17:02:10","modified_gmt":"2026-01-21T15:02:10","slug":"toiminta","status":"publish","type":"page","link":"https:\/\/www.vekery.fi\/?page_id=1954","title":{"rendered":"Toiminta"},"content":{"rendered":"\t\t<div data-elementor-type=\"wp-page\" data-elementor-id=\"1954\" class=\"elementor elementor-1954\">\n\t\t\t\t\t\t<section class=\"elementor-section elementor-top-section elementor-element elementor-element-26cad57 elementor-section-boxed elementor-section-height-default elementor-section-height-default\" data-id=\"26cad57\" data-element_type=\"section\" data-e-type=\"section\">\n\t\t\t\t\t\t<div class=\"elementor-container elementor-column-gap-default\">\n\t\t\t\t\t<div class=\"elementor-column elementor-col-100 elementor-top-column elementor-element elementor-element-93c6758\" data-id=\"93c6758\" data-element_type=\"column\" data-e-type=\"column\">\n\t\t\t<div class=\"elementor-widget-wrap elementor-element-populated\">\n\t\t\t\t\t\t<div class=\"elementor-element elementor-element-739d97a elementor-widget__width-initial elementor-widget-mobile__width-initial elementor-widget elementor-widget-heading\" data-id=\"739d97a\" data-element_type=\"widget\" data-e-type=\"widget\" data-widget_type=\"heading.default\">\n\t\t\t\t<div class=\"elementor-widget-container\">\n\t\t\t\t\t<h2 class=\"elementor-heading-title elementor-size-default\">Toiminta<\/h2>\t\t\t\t<\/div>\n\t\t\t\t<\/div>\n\t\t\t\t\t<\/div>\n\t\t<\/div>\n\t\t\t\t\t<\/div>\n\t\t<\/section>\n\t\t\t\t<section class=\"elementor-section elementor-top-section elementor-element elementor-element-0551ecb elementor-section-boxed elementor-section-height-default elementor-section-height-default\" data-id=\"0551ecb\" data-element_type=\"section\" data-e-type=\"section\">\n\t\t\t\t\t\t<div class=\"elementor-container elementor-column-gap-default\">\n\t\t\t\t\t<div class=\"elementor-column elementor-col-100 elementor-top-column elementor-element elementor-element-a37e096\" data-id=\"a37e096\" data-element_type=\"column\" data-e-type=\"column\">\n\t\t\t<div class=\"elementor-widget-wrap elementor-element-populated\">\n\t\t\t\t\t\t<div class=\"elementor-element elementor-element-15f1a64 elementor-widget__width-initial elementor-widget-mobile__width-initial elementor-widget elementor-widget-text-editor\" data-id=\"15f1a64\" data-element_type=\"widget\" data-e-type=\"widget\" data-widget_type=\"text-editor.default\">\n\t\t\t\t<div class=\"elementor-widget-container\">\n\t\t\t\t\t\t\t\t\t<p style=\"text-align: center;\"><span style=\"font-weight: 400; font-style: inherit; text-align: left; letter-spacing: -0.4px;\">VEKE j\u00e4rjest\u00e4\u00e4\u00a0<\/span><span style=\"font-style: inherit; font-weight: 400; letter-spacing: -0.4px; text-align: left;\">tapahtumia laidasta laitaan ja jokaiselle varmasti l\u00f6ytyy jotakin: <\/span><span style=\"font-style: inherit; letter-spacing: -0.4px; text-align: left;\"><b>yritysvierailuja<\/b><\/span><span style=\"font-style: inherit; font-weight: 400; letter-spacing: -0.4px; text-align: left;\"> mielenkiintoisiin elintarvikealan yrityksiin, herkullisia <\/span><span style=\"font-style: inherit; letter-spacing: -0.4px; text-align: left;\"><b>sitsej\u00e4<\/b><\/span><span style=\"font-style: inherit; font-weight: 400; letter-spacing: -0.4px; text-align: left;\">, railakkaita illanviettoja sek\u00e4 my\u00f6s rennompia <\/span><span style=\"font-style: inherit; letter-spacing: -0.4px; text-align: left;\"><b>hengailuiltoja<\/b><\/span><span style=\"font-style: inherit; font-weight: 400; letter-spacing: -0.4px; text-align: left;\"> kuten leffailtoja ja liikuntatapahtumia. Yksi VEKE:n perinteikk\u00e4ist\u00e4 tapahtumista on Wappuviikolla j\u00e4rjestett\u00e4v\u00e4 <\/span><span style=\"font-style: inherit; letter-spacing: -0.4px; text-align: left;\"><b>Skumppajooga<\/b><\/span><span style=\"font-style: inherit; font-weight: 400; letter-spacing: -0.4px; text-align: left;\">, ja uusia perinteit\u00e4 luodaan jatkuvasti ennakkoluulottomalla otteella sek\u00e4 kannustavalla yhteisty\u00f6ll\u00e4 niin j\u00e4rjest\u00f6n sis\u00e4ll\u00e4 kuin my\u00f6s <\/span><span style=\"font-style: inherit; letter-spacing: -0.4px; text-align: left;\"><b>aktiivisella yhteisty\u00f6ll\u00e4 Viikin muiden j\u00e4rjest\u00f6jen kanssa<\/b><\/span><span style=\"font-style: inherit; font-weight: 400; letter-spacing: -0.4px; text-align: left;\">.<\/span><\/p><p style=\"text-align: left;\"><span style=\"font-weight: 400;\">\u00a0<\/span><\/p><p style=\"text-align: center;\"><span style=\"font-weight: 400;\">Opiskelijatoiminnan my\u00f6t\u00e4 monet ovat luoneet elinik\u00e4isi\u00e4 kaveruussuhteita sek\u00e4 oppineet huikeasti uusia taitoja, joten kannustamme opiskelijoita heitt\u00e4ytym\u00e4\u00e4n mukaan ainej\u00e4rjest\u00f6toimintaan ja luomaan uusia kontakteja! Niin yliopisto kuin ainej\u00e4rjest\u00f6tkin tarjoavat monipuolisesti mahdollisuuksia l\u00f6yt\u00e4\u00e4 uusia harrastuksia ja mielek\u00e4st\u00e4 tekemist\u00e4 sek\u00e4 toteuttaa villeimpi\u00e4 ideoita samanhenkisten ihmisten ymp\u00e4r\u00f6im\u00e4n\u00e4. <\/span><\/p>\t\t\t\t\t\t\t\t<\/div>\n\t\t\t\t<\/div>\n\t\t\t\t\t<\/div>\n\t\t<\/div>\n\t\t\t\t\t<\/div>\n\t\t<\/section>\n\t\t\t\t<\/div>\n\t\t","protected":false},"excerpt":{"rendered":"<p>Toiminta VEKE j\u00e4rjest\u00e4\u00e4\u00a0tapahtumia laidasta laitaan ja jokaiselle varmasti l\u00f6ytyy jotakin: yritysvierailuja mielenkiintoisiin elintarvikealan yrityksiin, herkullisia sitsej\u00e4, railakkaita illanviettoja sek\u00e4 my\u00f6s rennompia hengailuiltoja kuten leffailtoja ja liikuntatapahtumia. Yksi VEKE:n perinteikk\u00e4ist\u00e4 tapahtumista on Wappuviikolla j\u00e4rjestett\u00e4v\u00e4 Skumppajooga, ja uusia perinteit\u00e4 luodaan jatkuvasti ennakkoluulottomalla otteella sek\u00e4 kannustavalla yhteisty\u00f6ll\u00e4 niin j\u00e4rjest\u00f6n sis\u00e4ll\u00e4 kuin my\u00f6s aktiivisella yhteisty\u00f6ll\u00e4 Viikin muiden j\u00e4rjest\u00f6jen kanssa. [&hellip;]<\/p>\n","protected":false},"author":1,"featured_media":0,"parent":0,"menu_order":0,"comment_status":"closed","ping_status":"closed","template":"","meta":{"site-sidebar-layout":"no-sidebar","site-content-layout":"page-builder","ast-site-content-layout":"default","site-content-style":"default","site-sidebar-style":"default","ast-global-header-display":"","ast-banner-title-visibility":"","ast-main-header-display":"","ast-hfb-above-header-display":"","ast-hfb-below-header-display":"","ast-hfb-mobile-header-display":"","site-post-title":"disabled","ast-breadcrumbs-content":"","ast-featured-img":"disabled","footer-sml-layout":"","ast-disable-related-posts":"","theme-transparent-header-meta":"","adv-header-id-meta":"","stick-header-meta":"","header-above-stick-meta":"","header-main-stick-meta":"","header-below-stick-meta":"","astra-migrate-meta-layouts":"default","ast-page-background-enabled":"default","ast-page-background-meta":{"desktop":{"background-color":"var(--ast-global-color-4)","background-image":"","background-repeat":"repeat","background-position":"center center","background-size":"auto","background-attachment":"scroll","background-type":"","background-media":"","overlay-type":"","overlay-color":"","overlay-opacity":"","overlay-gradient":""},"tablet":{"background-color":"","background-image":"","background-repeat":"repeat","background-position":"center center","background-size":"auto","background-attachment":"scroll","background-type":"","background-media":"","overlay-type":"","overlay-color":"","overlay-opacity":"","overlay-gradient":""},"mobile":{"background-color":"","background-image":"","background-repeat":"repeat","background-position":"center center","background-size":"auto","background-attachment":"scroll","background-type":"","background-media":"","overlay-type":"","overlay-color":"","overlay-opacity":"","overlay-gradient":""}},"ast-content-background-meta":{"desktop":{"background-color":"var(--ast-global-color-5)","background-image":"","background-repeat":"repeat","background-position":"center center","background-size":"auto","background-attachment":"scroll","background-type":"","background-media":"","overlay-type":"","overlay-color":"","overlay-opacity":"","overlay-gradient":""},"tablet":{"background-color":"var(--ast-global-color-5)","background-image":"","background-repeat":"repeat","background-position":"center center","background-size":"auto","background-attachment":"scroll","background-type":"","background-media":"","overlay-type":"","overlay-color":"","overlay-opacity":"","overlay-gradient":""},"mobile":{"background-color":"var(--ast-global-color-5)","background-image":"","background-repeat":"repeat","background-position":"center center","background-size":"auto","background-attachment":"scroll","background-type":"","background-media":"","overlay-type":"","overlay-color":"","overlay-opacity":"","overlay-gradient":""}},"footnotes":""},"class_list":["post-1954","page","type-page","status-publish","hentry"],"_links":{"self":[{"href":"https:\/\/www.vekery.fi\/index.php?rest_route=\/wp\/v2\/pages\/1954","targetHints":{"allow":["GET"]}}],"collection":[{"href":"https:\/\/www.vekery.fi\/index.php?rest_route=\/wp\/v2\/pages"}],"about":[{"href":"https:\/\/www.vekery.fi\/index.php?rest_route=\/wp\/v2\/types\/page"}],"author":[{"embeddable":true,"href":"https:\/\/www.vekery.fi\/index.php?rest_route=\/wp\/v2\/users\/1"}],"replies":[{"embeddable":true,"href":"https:\/\/www.vekery.fi\/index.php?rest_route=%2Fwp%2Fv2%2Fcomments&post=1954"}],"version-history":[{"count":16,"href":"https:\/\/www.vekery.fi\/index.php?rest_route=\/wp\/v2\/pages\/1954\/revisions"}],"predecessor-version":[{"id":2373,"href":"https:\/\/www.vekery.fi\/index.php?rest_route=\/wp\/v2\/pages\/1954\/revisions\/2373"}],"wp:attachment":[{"href":"https:\/\/www.vekery.fi\/index.php?rest_route=%2Fwp%2Fv2%2Fmedia&parent=1954"}],"curies":[{"name":"wp","href":"https:\/\/api.w.org\/{rel}","templated":true}]}}