{"id":1930,"date":"2023-07-19T13:15:13","date_gmt":"2023-07-19T13:15:13","guid":{"rendered":"http:\/\/www.vekery.fi\/?page_id=1930"},"modified":"2025-10-27T16:00:34","modified_gmt":"2025-10-27T14:00:34","slug":"saannot","status":"publish","type":"page","link":"https:\/\/www.vekery.fi\/?page_id=1930","title":{"rendered":"S\u00e4\u00e4nn\u00f6t"},"content":{"rendered":"\t\t<div data-elementor-type=\"wp-page\" data-elementor-id=\"1930\" class=\"elementor elementor-1930\">\n\t\t\t\t\t\t<section class=\"elementor-section elementor-top-section elementor-element elementor-element-df9e19f elementor-section-boxed elementor-section-height-default elementor-section-height-default\" data-id=\"df9e19f\" data-element_type=\"section\" data-e-type=\"section\">\n\t\t\t\t\t\t<div class=\"elementor-container elementor-column-gap-default\">\n\t\t\t\t\t<div class=\"elementor-column elementor-col-100 elementor-top-column elementor-element elementor-element-e956123\" data-id=\"e956123\" data-element_type=\"column\" data-e-type=\"column\">\n\t\t\t<div class=\"elementor-widget-wrap\">\n\t\t\t\t\t\t\t<\/div>\n\t\t<\/div>\n\t\t\t\t\t<\/div>\n\t\t<\/section>\n\t\t\t\t<section class=\"elementor-section elementor-top-section elementor-element elementor-element-7d88802 elementor-section-boxed elementor-section-height-default elementor-section-height-default\" data-id=\"7d88802\" data-element_type=\"section\" data-e-type=\"section\">\n\t\t\t\t\t\t<div class=\"elementor-container elementor-column-gap-default\">\n\t\t\t\t\t<div class=\"elementor-column elementor-col-100 elementor-top-column elementor-element elementor-element-2a99817\" data-id=\"2a99817\" data-element_type=\"column\" data-e-type=\"column\">\n\t\t\t<div class=\"elementor-widget-wrap elementor-element-populated\">\n\t\t\t\t\t\t<div class=\"elementor-element elementor-element-5537762 elementor-widget elementor-widget-heading\" data-id=\"5537762\" data-element_type=\"widget\" data-e-type=\"widget\" data-widget_type=\"heading.default\">\n\t\t\t\t<div class=\"elementor-widget-container\">\n\t\t\t\t\t<h2 class=\"elementor-heading-title elementor-size-default\">Viikin Elintarvike- ja Kuluttajaekonomistit ry:n s\u00e4\u00e4nn\u00f6t<\/h2>\t\t\t\t<\/div>\n\t\t\t\t<\/div>\n\t\t\t\t\t<\/div>\n\t\t<\/div>\n\t\t\t\t\t<\/div>\n\t\t<\/section>\n\t\t\t\t<section class=\"elementor-section elementor-top-section elementor-element elementor-element-2337c50 elementor-section-boxed elementor-section-height-default elementor-section-height-default\" data-id=\"2337c50\" data-element_type=\"section\" data-e-type=\"section\">\n\t\t\t\t\t\t<div class=\"elementor-container elementor-column-gap-default\">\n\t\t\t\t\t<div class=\"elementor-column elementor-col-100 elementor-top-column elementor-element elementor-element-bfc6a39\" data-id=\"bfc6a39\" data-element_type=\"column\" data-e-type=\"column\">\n\t\t\t<div class=\"elementor-widget-wrap elementor-element-populated\">\n\t\t\t\t\t\t<div class=\"elementor-element elementor-element-bcb480f elementor-widget elementor-widget-text-editor\" data-id=\"bcb480f\" data-element_type=\"widget\" data-e-type=\"widget\" data-widget_type=\"text-editor.default\">\n\t\t\t\t<div class=\"elementor-widget-container\">\n\t\t\t\t\t\t\t\t\t<p><b>I TARKOITUS JA TY\u00d6MUODOT<\/b><\/p><p>\u00a0<\/p><p><span style=\"font-weight: 400;\">1 \u00a7 Nimi, kieli ja kotipaikka<\/span><\/p><p><span style=\"font-weight: 400;\">Yhdistyksen nimi on Viikin Elintarvike- ja Kuluttajaekonomistit ry. Yhdistyksen virallinen kieli on\u00a0<\/span><\/p><p><span style=\"font-weight: 400;\">suomi ja sen kotipaikka on Helsinki.<br \/><br \/><\/span><\/p><p><span style=\"font-weight: 400;\">2 \u00a7 Yhdistyksen tarkoitus<\/span><\/p><ol><li><span style=\"font-weight: 400;\"> Toimia Helsingin yliopiston Maatalous-mets\u00e4tieteellisen tiedekunnan taloustieteiden opintosuuntien opiskelijoille tarkoitettuna yleishy\u00f6dyllisen\u00e4 yhdistyksen\u00e4. Yhdistys painottuu elintarvike- ja kuluttajaekonomian opintosuuntiin.<\/span><\/li><li><span style=\"font-weight: 400;\"> J\u00e4rjest\u00e4\u00e4 j\u00e4sen- ja ty\u00f6el\u00e4m\u00e4tapahtumia liittyen elintarviketalouteen ja kuluttamiseen.<\/span><\/li><li><span style=\"font-weight: 400;\">Edist\u00e4\u00e4 edell\u00e4 mainittujen opintosuuntien tunnettavuutta sek\u00e4 edist\u00e4\u00e4 alaa opiskelevien ty\u00f6llistymismahdollisuuksia jo opintojen aikana ty\u00f6el\u00e4m\u00e4n verkostojen avulla.<\/span><\/li><li><span style=\"font-weight: 400;\"> Edist\u00e4\u00e4 opiskelijoiden ja j\u00e4senten yhteenkuuluvuutta.<\/span><\/li><\/ol><p><span style=\"font-weight: 400;\">3 \u00a7 Tarkoituksensa toteuttamiseksi yhdistys:<\/span><\/p><ol><li><span style=\"font-weight: 400;\"> J\u00e4rjest\u00e4\u00e4 yhteisi\u00e4 tilaisuuksia, tapahtumia sek\u00e4 ekskursioita opiskelijoille.<\/span><\/li><li><span style=\"font-weight: 400;\"> Edist\u00e4\u00e4 yhteisty\u00f6t\u00e4 muiden ainej\u00e4rjest\u00f6jen sek\u00e4 yliopistojen kanssa kotimaassa sek\u00e4 ulkomailla.<\/span><\/li><li><span style=\"font-weight: 400;\"> Voi vaikuttaa esityksin ja aloittein alojen opetuksen kehitt\u00e4miseen ja ottaa kantaa alojen yleiseen kehitykseen.<\/span><\/li><li><span style=\"font-weight: 400;\">Tuoda yhteen opintosuuntien opiskelijoita, professoreita sek\u00e4 sidosryhmi\u00e4.<\/span><\/li><li><span style=\"font-weight: 400;\"> Toimia muilla vastaavilla tavoilla tarkoituksensa toteuttamiseksi.<\/span><\/li><\/ol><p><span style=\"font-weight: 400;\">4 \u00a7 Toimintansa tukemiseksi yhdistys saa ottaa vastaan lahjoituksia ja avustuksia. Lis\u00e4ksi<\/span><\/p><p><span style=\"font-weight: 400;\">yhdistys voi harjoittaa rahankeruuta asianmukaisin luvin.<br \/><br \/><\/span><\/p><p><span style=\"font-weight: 400;\">5 \u00a7 Yhdistys on poliittisesti ja uskonnollisesti sitoutumaton.<br \/><br \/><\/span><\/p><p><b>II J\u00c4SENET, EROAMINEN JA EROTTAMINEN<br \/><br \/><\/b><\/p><p><span style=\"font-weight: 400;\">6 \u00a7 <\/span><span style=\"font-weight: 400;\">Yhdistyksen j\u00e4senet hyv\u00e4ksyy yhdistyksen hallitus. Yhdistyksen varsinaiseksi j\u00e4seneksi voidaan hyv\u00e4ksy\u00e4 kaikki elintarvikkeista ja kuluttamisesta kiinnostuneet Helsingin yliopiston opiskelijat.\u00a0<br \/><\/span><span style=\"font-weight: 400;\">Kannatusj\u00e4seneksi voi liitty\u00e4 kuka tahansa sidosryhmiin kuuluva luonnollinen henkil\u00f6 tai oikeuskelpoinen yhteis\u00f6. Opintojen p\u00e4\u00e4tytty\u00e4 varsinainen j\u00e4sen siirtyy kirjallisella ilmoituksellaan kannatusj\u00e4seneksi. Kannatusj\u00e4senell\u00e4 on varsinaisen j\u00e4senen oikeudet ja velvollisuudet, ellei yhdistyksen s\u00e4\u00e4nn\u00f6iss\u00e4 muissa kohdin ole toisin m\u00e4\u00e4r\u00e4tty, mutta h\u00e4nt\u00e4 ei voida valita hallitukseen.<br \/><br \/><\/span><\/p><p><span style=\"font-weight: 400;\">7 \u00a7 J\u00e4senell\u00e4 on oikeus erota yhdistyksest\u00e4 ilmoittamalla siit\u00e4 kirjallisesti hallitukselle tai sen puheenjohtajalle taikka ilmoittamalla erosta yhdistyksen kokouksessa merkitt\u00e4v\u00e4ksi p\u00f6yt\u00e4kirjaan.<\/span><\/p><p>\u00a0<\/p><p><span style=\"font-weight: 400;\">8 \u00a7 Hallitus voi erottaa j\u00e4senen yhdistyksest\u00e4, jos j\u00e4sen on j\u00e4tt\u00e4nyt t\u00e4ytt\u00e4m\u00e4tt\u00e4 ne velvoitukset, joihin h\u00e4n on yhdistykseen liittym\u00e4ll\u00e4 sitoutunut tai on menettelyll\u00e4\u00e4n yhdistyksess\u00e4 tai sen ulkopuolella huomattavasti vahingoittanut yhdistyst\u00e4 tai ei en\u00e4\u00e4 t\u00e4yt\u00e4 laissa taikka yhdistyksen s\u00e4\u00e4nn\u00f6iss\u00e4 mainittuja j\u00e4senyyden ehtoja. J\u00e4sen katsotaan eronneeksi, mik\u00e4li h\u00e4n ei ole maksanut kuluvan kauden j\u00e4senmaksuaan 1.12 menness\u00e4. Erottamisp\u00e4\u00e4t\u00f6ksest\u00e4 ilmoitetaan erotulle henkil\u00f6kohtaisesti.<\/span><\/p><p>\u00a0<\/p><p><b>III LIITTYMIS- JA J\u00c4SENMAKSU<br \/><br \/><\/b><\/p><p><span style=\"font-weight: 400;\">9 \u00a7 Yhdistyksen j\u00e4senilt\u00e4 perit\u00e4\u00e4n j\u00e4senmaksua. J\u00e4senilt\u00e4 peritt\u00e4v\u00e4n liittymismaksun ja vuotuisen j\u00e4senmaksun suuruudesta p\u00e4\u00e4tt\u00e4\u00e4 kev\u00e4tkokous.<\/span><\/p><p>\u00a0<\/p><p><b>IV HALLITUS<br \/><br \/><\/b><\/p><p><span style=\"font-weight: 400;\">10 \u00a7 Yhdistyksen asioita hoitaa hallitus, johon kuuluu syyskokouksessa valittu puheenjohtaja ja 3-15 muuta hallituksen j\u00e4sent\u00e4. Hallituksen j\u00e4senten on oltava opiskelijaj\u00e4seni\u00e4. Hallituksen toimikausi on kalenterivuosi. Hallitus voi kokoontuessaan valita tarvittavat toimihenkil\u00f6t.<\/span><\/p><p><span style=\"font-weight: 400;\"><br \/>11 \u00a7 Hallitus kokoontuu puheenjohtajan tai h\u00e4nen estyneen\u00e4 ollessaan varapuheenjohtajan kutsusta, kun he katsovat siihen olevan aihetta tai kun v\u00e4hint\u00e4\u00e4n puolet hallituksen j\u00e4senist\u00e4 sit\u00e4 vaatii.<br \/><br \/><\/span><\/p><p><span style=\"font-weight: 400;\">12 \u00a7 Hallitus on p\u00e4\u00e4t\u00f6svaltainen, kun v\u00e4hint\u00e4\u00e4n puolet sen j\u00e4senist\u00e4, puheenjohtaja tai varapuheenjohtaja mukaan luettuna on l\u00e4sn\u00e4. \u00c4\u00e4nestykset ratkaistaan yksinkertaisella \u00e4\u00e4nten enemmist\u00f6ll\u00e4. \u00c4\u00e4nten menness\u00e4 tasan ratkaisee puheenjohtajan \u00e4\u00e4ni.<\/span><\/p><p>\u00a0<\/p><p><span style=\"font-weight: 400;\">13 \u00a7 Hallituksen teht\u00e4v\u00e4 on:<\/span><\/p><ol><li><span style=\"font-weight: 400;\"> Hoitaa yhdistyksen asioita yhdistyksist\u00e4 voimassa olevan lain, n\u00e4iden s\u00e4\u00e4nt\u00f6jen sek\u00e4 yhdistyksen p\u00e4\u00e4t\u00f6ksien mukaan<\/span><\/li><li><span style=\"font-weight: 400;\"> Hoitaa huolellisesti yhdistyksen rahavaroja ja muuta omaisuutta<\/span><\/li><li><span style=\"font-weight: 400;\"> Kutsua kokoon yhdistyksen kokous ja valmistella yhdistyksen kokouksessa<\/span><\/li><\/ol><p><span style=\"font-weight: 400;\">k\u00e4sitelt\u00e4v\u00e4t asiat<\/span><\/p><ol start=\"4\"><li><span style=\"font-weight: 400;\"> Pit\u00e4\u00e4 luetteloa j\u00e4senist\u00e4<\/span><\/li><li><span style=\"font-weight: 400;\"> Valvoa yhdistyksen ja toimihenkil\u00f6iden toimintaa<\/span><\/li><li><span style=\"font-weight: 400;\"> Pyrki\u00e4 kaikin tavoin edist\u00e4m\u00e4\u00e4n yhdistyksen tarkoituksen toteuttamista<\/span><\/li><li><span style=\"font-weight: 400;\"> Laatia ehdotukset yhdistyksen toimintasuunnitelmaksi ja talousarvioksi sek\u00e4 laatia toimikaudeltaan yhdistyksen toiminta- ja tilikertomus.<\/span><\/li><\/ol><p><span style=\"font-weight: 400;\">14 \u00a7 Taloudenhoitaja vastaa tilinp\u00e4\u00e4t\u00f6ksen tekemisest\u00e4. Hallituksen tulee j\u00e4tt\u00e4\u00e4 tilit tarkastettaviksi toiminnantarkastajille viimeist\u00e4\u00e4n kolme viikkoa ennen kev\u00e4tkokousta.<br \/><br \/><\/span><\/p><p><span style=\"font-weight: 400;\">15 \u00a7 Yhdistyksen nimen kirjoittaa hallituksen puheenjohtaja tai taloudenhoitaja, kumpikin yksin.<br \/><br \/><\/span><span style=\"font-weight: 400;\">16 \u00a7 Yhdistyksen tili- ja toimikausi on kalenterivuosi.<\/span><\/p><p><span style=\"font-weight: 400;\"><br \/>17 \u00a7 Tilinp\u00e4\u00e4t\u00f6s tarvittavine asiakirjoineen ja hallituksen vuosikertomus on annettava toiminnantarkastajille viimeist\u00e4\u00e4n kolme viikkoa ennen kev\u00e4tkokousta. Toiminnantarkastajien tulee antaa kirjallinen lausuntonsa viimeist\u00e4\u00e4n kaksi viikkoa ennen kev\u00e4tkokousta hallitukselle.<br \/><br \/><\/span><\/p><p><b>V YHDISTYKSEN KOKOUKSET<br \/><br \/><\/b><\/p><p><span style=\"font-weight: 400;\">18 \u00a7 Yhdistys pit\u00e4\u00e4 vuosittain kaksi varsinaista kokousta. Yhdistyksen kev\u00e4tkokous pidet\u00e4\u00e4n tammi-helmikuussa ja syyskokous loka-marraskuussa hallituksen m\u00e4\u00e4r\u00e4\u00e4m\u00e4n\u00e4 p\u00e4iv\u00e4n\u00e4.<br \/><br \/><\/span><\/p><p><span style=\"font-weight: 400;\">19 \u00a7 Ylim\u00e4\u00e4r\u00e4inen kokous pidet\u00e4\u00e4n, kun yhdistyksen kokous niin p\u00e4\u00e4tt\u00e4\u00e4 tai kun hallitus katsoo siihen olevan aihetta tai kun v\u00e4hint\u00e4\u00e4n kymmenesosa (1\/10) yhdistyksen \u00e4\u00e4nioikeutetuista j\u00e4senist\u00e4 sit\u00e4 hallitukselta erityisesti ilmoitettua asiaa varten kirjallisesti vaatii. Kokous on pidett\u00e4v\u00e4 kolmenkymmenen vuorokauden kuluessa siit\u00e4, kun vaatimus sen pit\u00e4misest\u00e4 on esitetty hallitukselle.<br \/><br \/><\/span><\/p><p><span style=\"font-weight: 400;\">20 \u00a7 Yhdistyksen kokouksissa on jokaisella j\u00e4senell\u00e4 yksi \u00e4\u00e4ni. Yhdistyksen p\u00e4\u00e4t\u00e4nt\u00e4oikeutta k\u00e4ytt\u00e4v\u00e4t yhdistyksen kokouksessa varsinaiset j\u00e4senet. Kannatusj\u00e4senill\u00e4 on l\u00e4sn\u00e4olo- ja puheoikeus.<br \/><br \/><\/span><\/p><p><span style=\"font-weight: 400;\">21 \u00a7 Yhdistyksen kokouksen p\u00e4\u00e4t\u00f6kseksi tulee, ellei s\u00e4\u00e4nn\u00f6iss\u00e4 ole toisin m\u00e4\u00e4r\u00e4tty, se mielipide, jota on kannattanut yli puolet annetuista \u00e4\u00e4nist\u00e4. \u00c4\u00e4nten menness\u00e4 tasan ratkaisee kokouksen puheenjohtajan \u00e4\u00e4ni.<br \/><br \/><\/span><\/p><p><span style=\"font-weight: 400;\">22 \u00a7 Hallituksen on kutsuttava yhdistyksen kokoukset koolle v\u00e4hint\u00e4\u00e4n seitsem\u00e4n vuorokautta ennen kokousta j\u00e4senille s\u00e4hk\u00f6postitse.<\/span><\/p><p><span style=\"font-weight: 400;\">\u00a0<\/span><\/p><p><b>VI VARSINAISET KOKOUKSET<\/b><\/p><p><span style=\"font-weight: 400;\">23 \u00a7 Yhdistyksen <\/span><b>kev\u00e4tkokouksessa<\/b><span style=\"font-weight: 400;\"> k\u00e4sitell\u00e4\u00e4n seuraavat asiat:<\/span><\/p><ol><li><span style=\"font-weight: 400;\"> Valitaan kokouksen puheenjohtaja.<\/span><\/li><li><span style=\"font-weight: 400;\"> Valitaan kokouksen sihteeri.<\/span><\/li><li><span style=\"font-weight: 400;\"> Valitaan kaksi p\u00f6yt\u00e4kirjantarkastajaa ja \u00e4\u00e4ntenlaskijaa.<\/span><\/li><li><span style=\"font-weight: 400;\"> K\u00e4sitell\u00e4\u00e4n edellisen kalenterivuoden toimintakertomus.<\/span><\/li><li><span style=\"font-weight: 400;\"> Vahvistetaan edellisen kalenterivuoden tilinp\u00e4\u00e4t\u00f6s.<\/span><\/li><li><span style=\"font-weight: 400;\"> P\u00e4\u00e4tet\u00e4\u00e4n vastuuvapauden my\u00f6nt\u00e4misest\u00e4 tilivelvolliselle.<\/span><\/li><li><span style=\"font-weight: 400;\"> P\u00e4\u00e4tet\u00e4\u00e4n kuluvan kalenterivuoden liittymismaksu ja j\u00e4senmaksu.<\/span><\/li><li><span style=\"font-weight: 400;\"> P\u00e4\u00e4tet\u00e4\u00e4n kuluvan kalenterivuoden toimintasuunnitelma.<\/span><\/li><li><span style=\"font-weight: 400;\"> P\u00e4\u00e4tet\u00e4\u00e4n kuluvan kalenterivuoden talousarvio.<\/span><\/li><li><span style=\"font-weight: 400;\"> K\u00e4sitell\u00e4\u00e4n muut mahdolliset asiat.<\/span><\/li><\/ol><p><span style=\"font-weight: 400;\">24 \u00a7 Yhdistyksen <\/span><b>syyskokouksessa<\/b><span style=\"font-weight: 400;\"> k\u00e4sitell\u00e4\u00e4n seuraavat asiat:<\/span><\/p><ol><li><span style=\"font-weight: 400;\"> Valitaan kokouksen puheenjohtaja.<\/span><\/li><li><span style=\"font-weight: 400;\"> Valitaan kokouksen sihteeri.<\/span><\/li><li><span style=\"font-weight: 400;\"> Valitaan kaksi p\u00f6yt\u00e4kirjantarkastajaa ja \u00e4\u00e4ntenlaskijaa.<\/span><\/li><li><span style=\"font-weight: 400;\"> Valitaan hallituksen j\u00e4senet ja toimihenkil\u00f6t s\u00e4\u00e4nn\u00f6n 10 \u00a7:n rajoissa seuraavaksi kalenterivuodeksi.<\/span><\/li><li><span style=\"font-weight: 400;\"> Valitaan toiminnantarkastaja ja varatoiminnantarkastaja seuraavaksi kalenterivuodeksi.<\/span><\/li><li><span style=\"font-weight: 400;\"> K\u00e4sitell\u00e4\u00e4n muut mahdolliset asiat.<\/span><\/li><\/ol><p><span style=\"font-weight: 400;\">25 \u00a7 Mik\u00e4li yhdistyksen j\u00e4sen haluaa saada jonkin asian yhdistyksen kev\u00e4t- tai syyskokouksen k\u00e4sitelt\u00e4v\u00e4ksi, on h\u00e4nen ilmoitettava siit\u00e4 kirjallisesti hallitukselle niin hyviss\u00e4 ajoin, ett\u00e4 asia voidaan sis\u00e4llytt\u00e4\u00e4 kokouskutsuun.<br \/><br \/><\/span><\/p><p><b>VII S\u00c4\u00c4NT\u00d6JEN MUUTTAMINEN JA YHDISTYKSEN PURKAMINEN<\/b><\/p><p><span style=\"font-weight: 400;\"><br \/>25 \u00a7 P\u00e4\u00e4t\u00f6s s\u00e4\u00e4nt\u00f6jen muuttamisesta ja yhdistyksen purkamisesta on teht\u00e4v\u00e4 yhdistyksen kokouksessa v\u00e4hint\u00e4\u00e4n kolmen nelj\u00e4sosan (3\/4) enemmist\u00f6ll\u00e4 annetuista \u00e4\u00e4nist\u00e4. Kokouskutsussa on mainittava s\u00e4\u00e4nt\u00f6jen muuttamisesta tai yhdistyksen purkamisesta.<br \/><br \/><\/span><\/p><p><span style=\"font-weight: 400;\">26 \u00a7 Yhdistyksen purkautuessa k\u00e4ytet\u00e4\u00e4n yhdistyksen varat yhdistyksen tarkoituksen edist\u00e4miseen purkamisesta p\u00e4\u00e4tt\u00e4v\u00e4n kokouksen m\u00e4\u00e4r\u00e4\u00e4m\u00e4ll\u00e4 tavalla. Yhdistyksen tullessa lakkautetuksi k\u00e4ytet\u00e4\u00e4n sen varat samaan tarkoitukseen.<\/span><\/p><p>\u00a0<\/p><p>\u00a0<\/p><p><span style=\"font-weight: 400;\">Helsingiss\u00e4 15.11.2017<\/span><\/p><p><br \/><br \/><\/p>\t\t\t\t\t\t\t\t<\/div>\n\t\t\t\t<\/div>\n\t\t\t\t\t<\/div>\n\t\t<\/div>\n\t\t\t\t\t<\/div>\n\t\t<\/section>\n\t\t\t\t<section class=\"elementor-section elementor-top-section elementor-element elementor-element-f842d47 elementor-section-boxed elementor-section-height-default elementor-section-height-default\" data-id=\"f842d47\" data-element_type=\"section\" data-e-type=\"section\">\n\t\t\t\t\t\t<div class=\"elementor-container elementor-column-gap-default\">\n\t\t\t\t\t<div class=\"elementor-column elementor-col-100 elementor-top-column elementor-element elementor-element-9bcaad2\" data-id=\"9bcaad2\" data-element_type=\"column\" data-e-type=\"column\">\n\t\t\t<div class=\"elementor-widget-wrap\">\n\t\t\t\t\t\t\t<\/div>\n\t\t<\/div>\n\t\t\t\t\t<\/div>\n\t\t<\/section>\n\t\t\t\t<\/div>\n\t\t","protected":false},"excerpt":{"rendered":"<p>Viikin Elintarvike- ja Kuluttajaekonomistit ry:n s\u00e4\u00e4nn\u00f6t I TARKOITUS JA TY\u00d6MUODOT \u00a0 1 \u00a7 Nimi, kieli ja kotipaikka Yhdistyksen nimi on Viikin Elintarvike- ja Kuluttajaekonomistit ry. Yhdistyksen virallinen kieli on\u00a0 suomi ja sen kotipaikka on Helsinki. 2 \u00a7 Yhdistyksen tarkoitus Toimia Helsingin yliopiston Maatalous-mets\u00e4tieteellisen tiedekunnan taloustieteiden opintosuuntien opiskelijoille tarkoitettuna yleishy\u00f6dyllisen\u00e4 yhdistyksen\u00e4. Yhdistys painottuu elintarvike- ja kuluttajaekonomian [&hellip;]<\/p>\n","protected":false},"author":1,"featured_media":0,"parent":0,"menu_order":0,"comment_status":"closed","ping_status":"closed","template":"","meta":{"site-sidebar-layout":"no-sidebar","site-content-layout":"page-builder","ast-site-content-layout":"default","site-content-style":"default","site-sidebar-style":"default","ast-global-header-display":"","ast-banner-title-visibility":"","ast-main-header-display":"","ast-hfb-above-header-display":"","ast-hfb-below-header-display":"","ast-hfb-mobile-header-display":"","site-post-title":"disabled","ast-breadcrumbs-content":"","ast-featured-img":"disabled","footer-sml-layout":"","ast-disable-related-posts":"","theme-transparent-header-meta":"","adv-header-id-meta":"","stick-header-meta":"","header-above-stick-meta":"","header-main-stick-meta":"","header-below-stick-meta":"","astra-migrate-meta-layouts":"default","ast-page-background-enabled":"default","ast-page-background-meta":{"desktop":{"background-color":"var(--ast-global-color-4)","background-image":"","background-repeat":"repeat","background-position":"center center","background-size":"auto","background-attachment":"scroll","background-type":"","background-media":"","overlay-type":"","overlay-color":"","overlay-opacity":"","overlay-gradient":""},"tablet":{"background-color":"","background-image":"","background-repeat":"repeat","background-position":"center center","background-size":"auto","background-attachment":"scroll","background-type":"","background-media":"","overlay-type":"","overlay-color":"","overlay-opacity":"","overlay-gradient":""},"mobile":{"background-color":"","background-image":"","background-repeat":"repeat","background-position":"center center","background-size":"auto","background-attachment":"scroll","background-type":"","background-media":"","overlay-type":"","overlay-color":"","overlay-opacity":"","overlay-gradient":""}},"ast-content-background-meta":{"desktop":{"background-color":"var(--ast-global-color-5)","background-image":"","background-repeat":"repeat","background-position":"center center","background-size":"auto","background-attachment":"scroll","background-type":"","background-media":"","overlay-type":"","overlay-color":"","overlay-opacity":"","overlay-gradient":""},"tablet":{"background-color":"var(--ast-global-color-5)","background-image":"","background-repeat":"repeat","background-position":"center center","background-size":"auto","background-attachment":"scroll","background-type":"","background-media":"","overlay-type":"","overlay-color":"","overlay-opacity":"","overlay-gradient":""},"mobile":{"background-color":"var(--ast-global-color-5)","background-image":"","background-repeat":"repeat","background-position":"center center","background-size":"auto","background-attachment":"scroll","background-type":"","background-media":"","overlay-type":"","overlay-color":"","overlay-opacity":"","overlay-gradient":""}},"footnotes":""},"class_list":["post-1930","page","type-page","status-publish","hentry"],"_links":{"self":[{"href":"https:\/\/www.vekery.fi\/index.php?rest_route=\/wp\/v2\/pages\/1930","targetHints":{"allow":["GET"]}}],"collection":[{"href":"https:\/\/www.vekery.fi\/index.php?rest_route=\/wp\/v2\/pages"}],"about":[{"href":"https:\/\/www.vekery.fi\/index.php?rest_route=\/wp\/v2\/types\/page"}],"author":[{"embeddable":true,"href":"https:\/\/www.vekery.fi\/index.php?rest_route=\/wp\/v2\/users\/1"}],"replies":[{"embeddable":true,"href":"https:\/\/www.vekery.fi\/index.php?rest_route=%2Fwp%2Fv2%2Fcomments&post=1930"}],"version-history":[{"count":19,"href":"https:\/\/www.vekery.fi\/index.php?rest_route=\/wp\/v2\/pages\/1930\/revisions"}],"predecessor-version":[{"id":2295,"href":"https:\/\/www.vekery.fi\/index.php?rest_route=\/wp\/v2\/pages\/1930\/revisions\/2295"}],"wp:attachment":[{"href":"https:\/\/www.vekery.fi\/index.php?rest_route=%2Fwp%2Fv2%2Fmedia&parent=1930"}],"curies":[{"name":"wp","href":"https:\/\/api.w.org\/{rel}","templated":true}]}}